{"id":738,"date":"2020-07-04T05:49:05","date_gmt":"2020-07-04T05:49:05","guid":{"rendered":"https:\/\/schrauberbude.jotpewe.com\/?page_id=738"},"modified":"2020-07-04T08:49:45","modified_gmt":"2020-07-04T08:49:45","slug":"mieten-statt-kaufen","status":"publish","type":"page","link":"https:\/\/schrauberbude.jotpewe.com\/?page_id=738","title":{"rendered":"Mieten statt Kaufen"},"content":{"rendered":"\n<p>Nachfolgend unsere Ausstattung (nur die gr\u00f6\u00dferen, speziellen Posten). Schraubendreher, Schraubenschl\u00fcssel &amp; Co sind eine Selbstverst\u00e4ndlichkeit. Ebenso Druckluft und Strom an allen Arbeitspl\u00e4tzen.<br>Unsere Hebeb\u00fchne steht Ihnen nach Wartung ab 10\/2020 wieder zur Verf\u00fcgung. <\/p>\n\n\n\n<p><strong>Unsere Ausstattung:<\/strong><\/p>\n\n\n\n<p><strong>Entwicklung:<\/strong><br>3D Scanner zur Bauteil Replizierung<br>3D STL Drucker f\u00fcr elastische und harte Kunststoffe<br>3D PLA Drucker f\u00fcr Ersatzteile und Vorrichtungen<br>3D Metalldrucker zum 3D Druck in Stahl \/ Aluminium \/Bronze<br>Spezialdrucker zur Replizierung alter Zifferbl\u00e4tter<\/p>\n\n\n\n<p><strong>Fertigung CNC (3-4 Achs):<\/strong><br>CNC Bearbeitung (Aluminium, Kunststoff)<br>CNC Bearbeitung Stahl<\/p>\n\n\n\n<p><strong>Fertigung (manuell)<\/strong><br>Drehmaschine<br>Standbohrmaschine<br>Tischbohrmaschine<br>Kleinkantbank<br>Kniehebelpressen<\/p>\n\n\n\n<p><strong>Blechbearbeitung<\/strong><br>MIG\/MAG Schwei\u00dfger\u00e4t<br>Punktschwei\u00dfzange<br>Rollenstreckmaschine<br>Sickenmaschine (manuell)<br>Karosserieh\u00e4mmer, &#8211; Feilen, -Handkeile (und Zubeh\u00f6r)<br>Smart Repair Set<br>Verzinnset Werkzeug<\/p>\n\n\n\n<p><strong>Kleinwerkzeug<\/strong><br>Wagenheber<br>Klebekartuschenpistole<br>Einnietger\u00e4te Akku (Nieten und Nietmuttern)<br>Schlagschrauber Druckluft<br>Winkelschleifer in diversen Gr\u00f6\u00dfen (auch mit Akku)<br>Akkuschrauber, Winkelschrauber<br>Komplett ausgerstattete Werkstattw\u00e4gen<br>Sprengringzangen<br>Kreiss\u00e4gen in verschiedenen Gr\u00f6\u00dfen (auch mit Akku)<br>Fuchsschwanzs\u00e4gen (mit Akku)<br>Schwei\u00dfpunktbohrer<\/p>\n\n\n\n<p><strong>Restauration<\/strong><br>Werkstattkran<br>Sandstrahlkabine<br>Lackierkabine f\u00fcr Kleinteile<br>Lackierpistolen, Grundierpistolen<br>Kleingalvanik (Verzinken und Chromatieren, Vernickeln)<br>Ultraschall Reiniger f\u00fcr Kleinteile (Vergaser)<br>Karosseriehalterung mit Drehvorrichtung<\/p>\n","protected":false},"excerpt":{"rendered":"<p>Nachfolgend unsere Ausstattung (nur die gr\u00f6\u00dferen, speziellen Posten). Schraubendreher, Schraubenschl\u00fcssel &amp; Co sind eine Selbstverst\u00e4ndlichkeit. Ebenso Druckluft und Strom an allen Arbeitspl\u00e4tzen.Unsere Hebeb\u00fchne steht Ihnen&#8230;<\/p>\n","protected":false},"author":1,"featured_media":0,"parent":0,"menu_order":0,"comment_status":"closed","ping_status":"closed","template":"","meta":[],"_links":{"self":[{"href":"https:\/\/schrauberbude.jotpewe.com\/index.php?rest_route=\/wp\/v2\/pages\/738"}],"collection":[{"href":"https:\/\/schrauberbude.jotpewe.com\/index.php?rest_route=\/wp\/v2\/pages"}],"about":[{"href":"https:\/\/schrauberbude.jotpewe.com\/index.php?rest_route=\/wp\/v2\/types\/page"}],"author":[{"embeddable":true,"href":"https:\/\/schrauberbude.jotpewe.com\/index.php?rest_route=\/wp\/v2\/users\/1"}],"replies":[{"embeddable":true,"href":"https:\/\/schrauberbude.jotpewe.com\/index.php?rest_route=%2Fwp%2Fv2%2Fcomments&post=738"}],"version-history":[{"count":4,"href":"https:\/\/schrauberbude.jotpewe.com\/index.php?rest_route=\/wp\/v2\/pages\/738\/revisions"}],"predecessor-version":[{"id":795,"href":"https:\/\/schrauberbude.jotpewe.com\/index.php?rest_route=\/wp\/v2\/pages\/738\/revisions\/795"}],"wp:attachment":[{"href":"https:\/\/schrauberbude.jotpewe.com\/index.php?rest_route=%2Fwp%2Fv2%2Fmedia&parent=738"}],"curies":[{"name":"wp","href":"https:\/\/api.w.org\/{rel}","templated":true}]}}