{"id":776,"date":"2020-07-04T07:57:43","date_gmt":"2020-07-04T07:57:43","guid":{"rendered":"https:\/\/schrauberbude.jotpewe.com\/?page_id=776"},"modified":"2020-07-04T09:02:59","modified_gmt":"2020-07-04T09:02:59","slug":"caravan-aus-und-umbau","status":"publish","type":"page","link":"https:\/\/schrauberbude.jotpewe.com\/?page_id=776","title":{"rendered":"Caravan Aus- und Umbau"},"content":{"rendered":"\n<p>Seitenfenster vergr\u00f6\u00dfern, Klimaanlage einbauen, Wasserversorgung \u00fcberpr\u00fcfen, Markise anbringen. Wir haben das Werkzeug und den Platz und helfen Ihnen gerne mit Rat und Tat.<br>Die g\u00e4ngisten Kleb- und Dichtstoffe, GfK Einnietmuttern, Dichtungen etc. haben wir lagernd.<\/p>\n\n\n\n<div class=\"wp-block-image\"><figure class=\"alignleft size-large is-resized\"><img loading=\"lazy\" src=\"https:\/\/jotpewe.com\/wp-content\/uploads\/2019\/06\/IMG_5013-1024x768.jpg\" alt=\"\" width=\"549\" height=\"412\"\/><\/figure><\/div>\n","protected":false},"excerpt":{"rendered":"<p>Seitenfenster vergr\u00f6\u00dfern, Klimaanlage einbauen, Wasserversorgung \u00fcberpr\u00fcfen, Markise anbringen. Wir haben das Werkzeug und den Platz und helfen Ihnen gerne mit Rat und Tat.Die g\u00e4ngisten Kleb-&#8230;<\/p>\n","protected":false},"author":1,"featured_media":0,"parent":738,"menu_order":0,"comment_status":"closed","ping_status":"closed","template":"","meta":[],"_links":{"self":[{"href":"https:\/\/schrauberbude.jotpewe.com\/index.php?rest_route=\/wp\/v2\/pages\/776"}],"collection":[{"href":"https:\/\/schrauberbude.jotpewe.com\/index.php?rest_route=\/wp\/v2\/pages"}],"about":[{"href":"https:\/\/schrauberbude.jotpewe.com\/index.php?rest_route=\/wp\/v2\/types\/page"}],"author":[{"embeddable":true,"href":"https:\/\/schrauberbude.jotpewe.com\/index.php?rest_route=\/wp\/v2\/users\/1"}],"replies":[{"embeddable":true,"href":"https:\/\/schrauberbude.jotpewe.com\/index.php?rest_route=%2Fwp%2Fv2%2Fcomments&post=776"}],"version-history":[{"count":4,"href":"https:\/\/schrauberbude.jotpewe.com\/index.php?rest_route=\/wp\/v2\/pages\/776\/revisions"}],"predecessor-version":[{"id":781,"href":"https:\/\/schrauberbude.jotpewe.com\/index.php?rest_route=\/wp\/v2\/pages\/776\/revisions\/781"}],"up":[{"embeddable":true,"href":"https:\/\/schrauberbude.jotpewe.com\/index.php?rest_route=\/wp\/v2\/pages\/738"}],"wp:attachment":[{"href":"https:\/\/schrauberbude.jotpewe.com\/index.php?rest_route=%2Fwp%2Fv2%2Fmedia&parent=776"}],"curies":[{"name":"wp","href":"https:\/\/api.w.org\/{rel}","templated":true}]}}